{"id":19378,"date":"2025-11-20T18:55:57","date_gmt":"2025-11-20T18:55:57","guid":{"rendered":"https:\/\/immoscout24.ma\/?page_id=19378"},"modified":"2025-11-20T19:34:40","modified_gmt":"2025-11-20T19:34:40","slug":"faq","status":"publish","type":"page","link":"https:\/\/immoscout24.ma\/ar\/faq\/","title":{"rendered":"FAQ"},"content":{"rendered":"<div data-elementor-type=\"wp-page\" data-elementor-id=\"19378\" class=\"elementor elementor-19378\" data-elementor-post-type=\"page\">\n\t\t\t\t<div class=\"elementor-element elementor-element-b2f9bb7 e-flex e-con-boxed e-con e-parent\" data-id=\"b2f9bb7\" data-element_type=\"container\" data-e-type=\"container\" data-settings=\"{&quot;background_background&quot;:&quot;classic&quot;}\">\n\t\t\t\t\t<div class=\"e-con-inner\">\n\t\t\t\t<div class=\"elementor-element elementor-element-ecaf726 elementor-widget elementor-widget-houzez_elementor_section_title\" data-id=\"ecaf726\" data-element_type=\"widget\" data-e-type=\"widget\" data-widget_type=\"houzez_elementor_section_title.default\">\n\t\t\t\t<div class=\"elementor-widget-container\">\n\t\t\t\t\t            <div class=\"houzez_section_title_wrap section-title-module\">\n                                    <h2 class=\"houzez_section_title\">FAQ<\/h2>\n                \n                            <\/div>\n            \t\t\t\t<\/div>\n\t\t\t\t<\/div>\n\t\t\t\t\t<\/div>\n\t\t\t\t<\/div>\n\t\t<div class=\"elementor-element elementor-element-4a9a6f4 e-flex e-con-boxed e-con e-parent\" data-id=\"4a9a6f4\" data-element_type=\"container\" data-e-type=\"container\">\n\t\t\t\t\t<div class=\"e-con-inner\">\n\t\t<div class=\"elementor-element elementor-element-47d35cf e-con-full e-flex e-con e-child\" data-id=\"47d35cf\" data-element_type=\"container\" data-e-type=\"container\">\n\t\t\t\t<div class=\"elementor-element elementor-element-efdd375 elementor-widget elementor-widget-n-accordion\" data-id=\"efdd375\" data-element_type=\"widget\" data-e-type=\"widget\" data-settings=\"{&quot;default_state&quot;:&quot;expanded&quot;,&quot;max_items_expended&quot;:&quot;one&quot;,&quot;n_accordion_animation_duration&quot;:{&quot;unit&quot;:&quot;ms&quot;,&quot;size&quot;:400,&quot;sizes&quot;:[]}}\" data-widget_type=\"nested-accordion.default\">\n\t\t\t\t<div class=\"elementor-widget-container\">\n\t\t\t\t\t\t\t<div class=\"e-n-accordion\" aria-label=\"Accordion. Open links with Enter or Space, close with Escape, and navigate with Arrow Keys\">\n\t\t\t\t\t\t<details id=\"e-n-accordion-item-2510\" class=\"e-n-accordion-item\" open>\n\t\t\t\t<summary class=\"e-n-accordion-item-title\" data-accordion-index=\"1\" tabindex=\"0\" aria-expanded=\"true\" aria-controls=\"e-n-accordion-item-2510\" >\n\t\t\t\t\t<span class='e-n-accordion-item-title-header'><div class=\"e-n-accordion-item-title-text\"> Quels types de biens propose ImmoScout24 Marrakech ? <\/div><\/span>\n\t\t\t\t\t\t\t<span class='e-n-accordion-item-title-icon'>\n\t\t\t<span class='e-opened' ><i aria-hidden=\"true\" class=\"fas fa-minus\"><\/i><\/span>\n\t\t\t<span class='e-closed'><i aria-hidden=\"true\" class=\"fas fa-plus\"><\/i><\/span>\n\t\t<\/span>\n\n\t\t\t\t\t\t<\/summary>\n\t\t\t\t<div role=\"region\" aria-labelledby=\"e-n-accordion-item-2510\" class=\"elementor-element elementor-element-f592b31 e-con-full e-flex e-con e-child\" data-id=\"f592b31\" data-element_type=\"container\" data-e-type=\"container\">\n\t\t<div role=\"region\" aria-labelledby=\"e-n-accordion-item-2510\" class=\"elementor-element elementor-element-dace990 e-flex e-con-boxed e-con e-child\" data-id=\"dace990\" data-element_type=\"container\" data-e-type=\"container\">\n\t\t\t\t\t<div class=\"e-con-inner\">\n\t\t\t\t<div class=\"elementor-element elementor-element-1b2faa7 elementor-widget elementor-widget-text-editor\" data-id=\"1b2faa7\" data-element_type=\"widget\" data-e-type=\"widget\" data-widget_type=\"text-editor.default\">\n\t\t\t\t<div class=\"elementor-widget-container\">\n\t\t\t\t\t\t\t\t\t<p data-start=\"205\" data-end=\"341\">Nous proposons une large gamme de biens : villas, riads, appartements, terrains, propri\u00e9t\u00e9s de luxe, et biens d\u00e9di\u00e9s \u00e0 l\u2019investissement.<\/p><h3 data-start=\"343\" data-end=\"396\">\u00a0<\/h3>\t\t\t\t\t\t\t\t<\/div>\n\t\t\t\t<\/div>\n\t\t\t\t\t<\/div>\n\t\t\t\t<\/div>\n\t\t\t\t<\/div>\n\t\t\t\t\t<\/details>\n\t\t\t\t\t\t<details id=\"e-n-accordion-item-2511\" class=\"e-n-accordion-item\" >\n\t\t\t\t<summary class=\"e-n-accordion-item-title\" data-accordion-index=\"2\" tabindex=\"-1\" aria-expanded=\"false\" aria-controls=\"e-n-accordion-item-2511\" >\n\t\t\t\t\t<span class='e-n-accordion-item-title-header'><div class=\"e-n-accordion-item-title-text\"> Est-ce que vos annonces sont v\u00e9rifi\u00e9es ? <\/div><\/span>\n\t\t\t\t\t\t\t<span class='e-n-accordion-item-title-icon'>\n\t\t\t<span class='e-opened' ><i aria-hidden=\"true\" class=\"fas fa-minus\"><\/i><\/span>\n\t\t\t<span class='e-closed'><i aria-hidden=\"true\" class=\"fas fa-plus\"><\/i><\/span>\n\t\t<\/span>\n\n\t\t\t\t\t\t<\/summary>\n\t\t\t\t<div role=\"region\" aria-labelledby=\"e-n-accordion-item-2511\" class=\"elementor-element elementor-element-d7ad019 e-con-full e-flex e-con e-child\" data-id=\"d7ad019\" data-element_type=\"container\" data-e-type=\"container\">\n\t\t\t\t<div class=\"elementor-element elementor-element-1b7edc5 elementor-widget elementor-widget-text-editor\" data-id=\"1b7edc5\" data-element_type=\"widget\" data-e-type=\"widget\" data-widget_type=\"text-editor.default\">\n\t\t\t\t<div class=\"elementor-widget-container\">\n\t\t\t\t\t\t\t\t\t<p data-start=\"205\" data-end=\"341\">Nous proposons une large gamme de biens : villas, riads, appartements, terrains, propri\u00e9t\u00e9s de luxe, et biens d\u00e9di\u00e9s \u00e0 l\u2019investissement.<\/p><h3 data-start=\"343\" data-end=\"396\">\u00a0<\/h3>\t\t\t\t\t\t\t\t<\/div>\n\t\t\t\t<\/div>\n\t\t\t\t<\/div>\n\t\t\t\t\t<\/details>\n\t\t\t\t\t\t<details id=\"e-n-accordion-item-2512\" class=\"e-n-accordion-item\" >\n\t\t\t\t<summary class=\"e-n-accordion-item-title\" data-accordion-index=\"3\" tabindex=\"-1\" aria-expanded=\"false\" aria-controls=\"e-n-accordion-item-2512\" >\n\t\t\t\t\t<span class='e-n-accordion-item-title-header'><div class=\"e-n-accordion-item-title-text\"> Comment puis-je prendre rendez-vous pour une visite ? <\/div><\/span>\n\t\t\t\t\t\t\t<span class='e-n-accordion-item-title-icon'>\n\t\t\t<span class='e-opened' ><i aria-hidden=\"true\" class=\"fas fa-minus\"><\/i><\/span>\n\t\t\t<span class='e-closed'><i aria-hidden=\"true\" class=\"fas fa-plus\"><\/i><\/span>\n\t\t<\/span>\n\n\t\t\t\t\t\t<\/summary>\n\t\t\t\t<div role=\"region\" aria-labelledby=\"e-n-accordion-item-2512\" class=\"elementor-element elementor-element-24575c0 e-con-full e-flex e-con e-child\" data-id=\"24575c0\" data-element_type=\"container\" data-e-type=\"container\">\n\t\t\t\t<div class=\"elementor-element elementor-element-00bebee elementor-widget elementor-widget-text-editor\" data-id=\"00bebee\" data-element_type=\"widget\" data-e-type=\"widget\" data-widget_type=\"text-editor.default\">\n\t\t\t\t<div class=\"elementor-widget-container\">\n\t\t\t\t\t\t\t\t\t<p data-start=\"611\" data-end=\"753\">Vous pouvez nous contacter via notre formulaire, par t\u00e9l\u00e9phone ou WhatsApp. Un membre de notre \u00e9quipe vous proposera des cr\u00e9neaux disponibles.<\/p><h3 data-start=\"755\" data-end=\"810\">\u00a0<\/h3>\t\t\t\t\t\t\t\t<\/div>\n\t\t\t\t<\/div>\n\t\t\t\t<\/div>\n\t\t\t\t\t<\/details>\n\t\t\t\t\t\t<details id=\"e-n-accordion-item-2513\" class=\"e-n-accordion-item\" >\n\t\t\t\t<summary class=\"e-n-accordion-item-title\" data-accordion-index=\"4\" tabindex=\"-1\" aria-expanded=\"false\" aria-controls=\"e-n-accordion-item-2513\" >\n\t\t\t\t\t<span class='e-n-accordion-item-title-header'><div class=\"e-n-accordion-item-title-text\"> Offrez-vous des estimations immobili\u00e8res ? <\/div><\/span>\n\t\t\t\t\t\t\t<span class='e-n-accordion-item-title-icon'>\n\t\t\t<span class='e-opened' ><i aria-hidden=\"true\" class=\"fas fa-minus\"><\/i><\/span>\n\t\t\t<span class='e-closed'><i aria-hidden=\"true\" class=\"fas fa-plus\"><\/i><\/span>\n\t\t<\/span>\n\n\t\t\t\t\t\t<\/summary>\n\t\t\t\t<div role=\"region\" aria-labelledby=\"e-n-accordion-item-2513\" class=\"elementor-element elementor-element-ea972b8 e-flex e-con-boxed e-con e-child\" data-id=\"ea972b8\" data-element_type=\"container\" data-e-type=\"container\">\n\t\t\t\t\t<div class=\"e-con-inner\">\n\t\t\t\t<div class=\"elementor-element elementor-element-91bcbc7 elementor-widget elementor-widget-text-editor\" data-id=\"91bcbc7\" data-element_type=\"widget\" data-e-type=\"widget\" data-widget_type=\"text-editor.default\">\n\t\t\t\t<div class=\"elementor-widget-container\">\n\t\t\t\t\t\t\t\t\t<p data-start=\"811\" data-end=\"944\">Oui, nous r\u00e9alisons des estimations professionnelles bas\u00e9es sur le march\u00e9 local, l\u2019emplacement et les caract\u00e9ristiques de votre bien.<\/p>\t\t\t\t\t\t\t\t<\/div>\n\t\t\t\t<\/div>\n\t\t\t\t\t<\/div>\n\t\t\t\t<\/div>\n\t\t\t\t\t<\/details>\n\t\t\t\t\t\t<details id=\"e-n-accordion-item-2514\" class=\"e-n-accordion-item\" >\n\t\t\t\t<summary class=\"e-n-accordion-item-title\" data-accordion-index=\"5\" tabindex=\"-1\" aria-expanded=\"false\" aria-controls=\"e-n-accordion-item-2514\" >\n\t\t\t\t\t<span class='e-n-accordion-item-title-header'><div class=\"e-n-accordion-item-title-text\"> Proposez-vous un service de gestion locative ? <\/div><\/span>\n\t\t\t\t\t\t\t<span class='e-n-accordion-item-title-icon'>\n\t\t\t<span class='e-opened' ><i aria-hidden=\"true\" class=\"fas fa-minus\"><\/i><\/span>\n\t\t\t<span class='e-closed'><i aria-hidden=\"true\" class=\"fas fa-plus\"><\/i><\/span>\n\t\t<\/span>\n\n\t\t\t\t\t\t<\/summary>\n\t\t\t\t<div role=\"region\" aria-labelledby=\"e-n-accordion-item-2514\" class=\"elementor-element elementor-element-cdaeecc e-flex e-con-boxed e-con e-child\" data-id=\"cdaeecc\" data-element_type=\"container\" data-e-type=\"container\">\n\t\t\t\t\t<div class=\"e-con-inner\">\n\t\t<div role=\"region\" aria-labelledby=\"e-n-accordion-item-2514\" class=\"elementor-element elementor-element-608addd e-con-full e-flex e-con e-child\" data-id=\"608addd\" data-element_type=\"container\" data-e-type=\"container\">\n\t\t\t\t<div class=\"elementor-element elementor-element-466b2b8 elementor-widget elementor-widget-text-editor\" data-id=\"466b2b8\" data-element_type=\"widget\" data-e-type=\"widget\" data-widget_type=\"text-editor.default\">\n\t\t\t\t<div class=\"elementor-widget-container\">\n\t\t\t\t\t\t\t\t\t<p data-start=\"1006\" data-end=\"1159\">Oui, nous g\u00e9rons les locations <strong data-start=\"1037\" data-end=\"1066\">courtes et longues dur\u00e9es<\/strong>, incluant l\u2019accueil des locataires, l\u2019entretien, les r\u00e9servations et le suivi administratif.<\/p><h3 data-start=\"1161\" data-end=\"1232\">\u00a0<\/h3>\t\t\t\t\t\t\t\t<\/div>\n\t\t\t\t<\/div>\n\t\t\t\t<\/div>\n\t\t\t\t\t<\/div>\n\t\t\t\t<\/div>\n\t\t\t\t\t<\/details>\n\t\t\t\t\t<\/div>\n\t\t\t\t\t\t<\/div>\n\t\t\t\t<\/div>\n\t\t\t\t<\/div>\n\t\t\t\t\t<\/div>\n\t\t\t\t<\/div>\n\t\t\t\t<\/div>","protected":false},"excerpt":{"rendered":"<p>FAQ Quels types de biens propose ImmoScout24 Marrakech ? Nous proposons une large gamme de biens : villas, riads, appartements, terrains, propri\u00e9t\u00e9s de luxe, et biens d\u00e9di\u00e9s \u00e0 l\u2019investissement. \u00a0 Est-ce que vos annonces sont v\u00e9rifi\u00e9es ? Nous proposons une large gamme de biens : villas, riads, appartements, terrains, propri\u00e9t\u00e9s de luxe, et biens d\u00e9di\u00e9s [&hellip;]<\/p>\n","protected":false},"author":3,"featured_media":0,"parent":0,"menu_order":0,"comment_status":"closed","ping_status":"closed","template":"elementor_header_footer","meta":{"_joinchat":[],"footnotes":""},"class_list":["post-19378","page","type-page","status-publish","hentry"],"yoast_head":"<!-- This site is optimized with the Yoast SEO plugin v27.0 - https:\/\/yoast.com\/product\/yoast-seo-wordpress\/ -->\n<title>FAQ - immoscout24<\/title>\n<meta name=\"robots\" content=\"index, follow, max-snippet:-1, max-image-preview:large, max-video-preview:-1\" \/>\n<link rel=\"canonical\" href=\"https:\/\/immoscout24.ma\/ar\/faq\/\" \/>\n<meta property=\"og:locale\" content=\"ar_AR\" \/>\n<meta property=\"og:type\" content=\"article\" \/>\n<meta property=\"og:title\" content=\"FAQ - immoscout24\" \/>\n<meta property=\"og:description\" content=\"FAQ Quels types de biens propose ImmoScout24 Marrakech ? Nous proposons une large gamme de biens : villas, riads, appartements, terrains, propri\u00e9t\u00e9s de luxe, et biens d\u00e9di\u00e9s \u00e0 l\u2019investissement. \u00a0 Est-ce que vos annonces sont v\u00e9rifi\u00e9es ? Nous proposons une large gamme de biens : villas, riads, appartements, terrains, propri\u00e9t\u00e9s de luxe, et biens d\u00e9di\u00e9s [&hellip;]\" \/>\n<meta property=\"og:url\" content=\"https:\/\/immoscout24.ma\/ar\/faq\/\" \/>\n<meta property=\"og:site_name\" content=\"immoscout24\" \/>\n<meta property=\"article:modified_time\" content=\"2025-11-20T19:34:40+00:00\" \/>\n<meta name=\"twitter:card\" content=\"summary_large_image\" \/>\n<meta name=\"twitter:label1\" content=\"\u0648\u0642\u062a \u0627\u0644\u0642\u0631\u0627\u0621\u0629 \u0627\u0644\u0645\u064f\u0642\u062f\u0651\u0631\" \/>\n\t<meta name=\"twitter:data1\" content=\"\u062f\u0642\u064a\u0642\u0629 \u0648\u0627\u062d\u062f\u0629\" \/>\n<script type=\"application\/ld+json\" class=\"yoast-schema-graph\">{\"@context\":\"https:\/\/schema.org\",\"@graph\":[{\"@type\":\"WebPage\",\"@id\":\"https:\/\/immoscout24.ma\/faq\/\",\"url\":\"https:\/\/immoscout24.ma\/faq\/\",\"name\":\"FAQ - immoscout24\",\"isPartOf\":{\"@id\":\"https:\/\/immoscout24.ma\/#website\"},\"datePublished\":\"2025-11-20T18:55:57+00:00\",\"dateModified\":\"2025-11-20T19:34:40+00:00\",\"breadcrumb\":{\"@id\":\"https:\/\/immoscout24.ma\/faq\/#breadcrumb\"},\"inLanguage\":\"ar\",\"potentialAction\":[{\"@type\":\"ReadAction\",\"target\":[\"https:\/\/immoscout24.ma\/faq\/\"]}]},{\"@type\":\"BreadcrumbList\",\"@id\":\"https:\/\/immoscout24.ma\/faq\/#breadcrumb\",\"itemListElement\":[{\"@type\":\"ListItem\",\"position\":1,\"name\":\"Home\",\"item\":\"https:\/\/immoscout24.ma\/\"},{\"@type\":\"ListItem\",\"position\":2,\"name\":\"FAQ\"}]},{\"@type\":\"WebSite\",\"@id\":\"https:\/\/immoscout24.ma\/#website\",\"url\":\"https:\/\/immoscout24.ma\/\",\"name\":\"immoscout24\",\"description\":\"immobilier Marrakech Maroc\",\"publisher\":{\"@id\":\"https:\/\/immoscout24.ma\/#organization\"},\"potentialAction\":[{\"@type\":\"SearchAction\",\"target\":{\"@type\":\"EntryPoint\",\"urlTemplate\":\"https:\/\/immoscout24.ma\/?s={search_term_string}\"},\"query-input\":{\"@type\":\"PropertyValueSpecification\",\"valueRequired\":true,\"valueName\":\"search_term_string\"}}],\"inLanguage\":\"ar\"},{\"@type\":\"Organization\",\"@id\":\"https:\/\/immoscout24.ma\/#organization\",\"name\":\"immoscout24 - immobilier Marrakech\",\"url\":\"https:\/\/immoscout24.ma\/\",\"logo\":{\"@type\":\"ImageObject\",\"inLanguage\":\"ar\",\"@id\":\"https:\/\/immoscout24.ma\/#\/schema\/logo\/image\/\",\"url\":\"https:\/\/immoscout24.ma\/wp-content\/uploads\/2025\/11\/690f2ba3efe032.png\",\"contentUrl\":\"https:\/\/immoscout24.ma\/wp-content\/uploads\/2025\/11\/690f2ba3efe032.png\",\"width\":1600,\"height\":796,\"caption\":\"immoscout24 - immobilier Marrakech\"},\"image\":{\"@id\":\"https:\/\/immoscout24.ma\/#\/schema\/logo\/image\/\"}}]}<\/script>\n<!-- \/ Yoast SEO plugin. -->","yoast_head_json":{"title":"FAQ - immoscout24","robots":{"index":"index","follow":"follow","max-snippet":"max-snippet:-1","max-image-preview":"max-image-preview:large","max-video-preview":"max-video-preview:-1"},"canonical":"https:\/\/immoscout24.ma\/ar\/faq\/","og_locale":"ar_AR","og_type":"article","og_title":"FAQ - immoscout24","og_description":"FAQ Quels types de biens propose ImmoScout24 Marrakech ? Nous proposons une large gamme de biens : villas, riads, appartements, terrains, propri\u00e9t\u00e9s de luxe, et biens d\u00e9di\u00e9s \u00e0 l\u2019investissement. \u00a0 Est-ce que vos annonces sont v\u00e9rifi\u00e9es ? Nous proposons une large gamme de biens : villas, riads, appartements, terrains, propri\u00e9t\u00e9s de luxe, et biens d\u00e9di\u00e9s [&hellip;]","og_url":"https:\/\/immoscout24.ma\/ar\/faq\/","og_site_name":"immoscout24","article_modified_time":"2025-11-20T19:34:40+00:00","twitter_card":"summary_large_image","twitter_misc":{"\u0648\u0642\u062a \u0627\u0644\u0642\u0631\u0627\u0621\u0629 \u0627\u0644\u0645\u064f\u0642\u062f\u0651\u0631":"\u062f\u0642\u064a\u0642\u0629 \u0648\u0627\u062d\u062f\u0629"},"schema":{"@context":"https:\/\/schema.org","@graph":[{"@type":"WebPage","@id":"https:\/\/immoscout24.ma\/faq\/","url":"https:\/\/immoscout24.ma\/faq\/","name":"FAQ - immoscout24","isPartOf":{"@id":"https:\/\/immoscout24.ma\/#website"},"datePublished":"2025-11-20T18:55:57+00:00","dateModified":"2025-11-20T19:34:40+00:00","breadcrumb":{"@id":"https:\/\/immoscout24.ma\/faq\/#breadcrumb"},"inLanguage":"ar","potentialAction":[{"@type":"ReadAction","target":["https:\/\/immoscout24.ma\/faq\/"]}]},{"@type":"BreadcrumbList","@id":"https:\/\/immoscout24.ma\/faq\/#breadcrumb","itemListElement":[{"@type":"ListItem","position":1,"name":"Home","item":"https:\/\/immoscout24.ma\/"},{"@type":"ListItem","position":2,"name":"FAQ"}]},{"@type":"WebSite","@id":"https:\/\/immoscout24.ma\/#website","url":"https:\/\/immoscout24.ma\/","name":"immoscout24","description":"immobilier Marrakech Maroc","publisher":{"@id":"https:\/\/immoscout24.ma\/#organization"},"potentialAction":[{"@type":"SearchAction","target":{"@type":"EntryPoint","urlTemplate":"https:\/\/immoscout24.ma\/?s={search_term_string}"},"query-input":{"@type":"PropertyValueSpecification","valueRequired":true,"valueName":"search_term_string"}}],"inLanguage":"ar"},{"@type":"Organization","@id":"https:\/\/immoscout24.ma\/#organization","name":"immoscout24 - immobilier Marrakech","url":"https:\/\/immoscout24.ma\/","logo":{"@type":"ImageObject","inLanguage":"ar","@id":"https:\/\/immoscout24.ma\/#\/schema\/logo\/image\/","url":"https:\/\/immoscout24.ma\/wp-content\/uploads\/2025\/11\/690f2ba3efe032.png","contentUrl":"https:\/\/immoscout24.ma\/wp-content\/uploads\/2025\/11\/690f2ba3efe032.png","width":1600,"height":796,"caption":"immoscout24 - immobilier Marrakech"},"image":{"@id":"https:\/\/immoscout24.ma\/#\/schema\/logo\/image\/"}}]}},"_links":{"self":[{"href":"https:\/\/immoscout24.ma\/ar\/wp-json\/wp\/v2\/pages\/19378","targetHints":{"allow":["GET"]}}],"collection":[{"href":"https:\/\/immoscout24.ma\/ar\/wp-json\/wp\/v2\/pages"}],"about":[{"href":"https:\/\/immoscout24.ma\/ar\/wp-json\/wp\/v2\/types\/page"}],"author":[{"embeddable":true,"href":"https:\/\/immoscout24.ma\/ar\/wp-json\/wp\/v2\/users\/3"}],"replies":[{"embeddable":true,"href":"https:\/\/immoscout24.ma\/ar\/wp-json\/wp\/v2\/comments?post=19378"}],"version-history":[{"count":0,"href":"https:\/\/immoscout24.ma\/ar\/wp-json\/wp\/v2\/pages\/19378\/revisions"}],"wp:attachment":[{"href":"https:\/\/immoscout24.ma\/ar\/wp-json\/wp\/v2\/media?parent=19378"}],"curies":[{"name":"wp","href":"https:\/\/api.w.org\/{rel}","templated":true}]}}